{"id":1044,"date":"2024-11-12T23:25:31","date_gmt":"2024-11-12T23:25:31","guid":{"rendered":"https:\/\/apnolab.com\/?page_id=1044"},"modified":"2025-03-08T14:04:10","modified_gmt":"2025-03-08T14:04:10","slug":"guides","status":"publish","type":"page","link":"https:\/\/apnolab.com\/en\/guides\/","title":{"rendered":"Guides et auto-tests &#8211; \u00c9valuez et am\u00e9liorez votre bien-\u00eatre"},"content":{"rendered":"","protected":false},"excerpt":{"rendered":"","protected":false},"author":1,"featured_media":0,"parent":0,"menu_order":0,"comment_status":"closed","ping_status":"closed","template":"","meta":{"_acf_changed":false,"inline_featured_image":false,"footnotes":""},"class_list":["post-1044","page","type-page","status-publish","hentry"],"acf":[],"_links":{"self":[{"href":"https:\/\/apnolab.com\/en\/wp-json\/wp\/v2\/pages\/1044","targetHints":{"allow":["GET"]}}],"collection":[{"href":"https:\/\/apnolab.com\/en\/wp-json\/wp\/v2\/pages"}],"about":[{"href":"https:\/\/apnolab.com\/en\/wp-json\/wp\/v2\/types\/page"}],"author":[{"embeddable":true,"href":"https:\/\/apnolab.com\/en\/wp-json\/wp\/v2\/users\/1"}],"replies":[{"embeddable":true,"href":"https:\/\/apnolab.com\/en\/wp-json\/wp\/v2\/comments?post=1044"}],"version-history":[{"count":9,"href":"https:\/\/apnolab.com\/en\/wp-json\/wp\/v2\/pages\/1044\/revisions"}],"predecessor-version":[{"id":1785,"href":"https:\/\/apnolab.com\/en\/wp-json\/wp\/v2\/pages\/1044\/revisions\/1785"}],"wp:attachment":[{"href":"https:\/\/apnolab.com\/en\/wp-json\/wp\/v2\/media?parent=1044"}],"curies":[{"name":"wp","href":"https:\/\/api.w.org\/{rel}","templated":true}]}}