{"id":1047,"date":"2024-11-12T23:26:27","date_gmt":"2024-11-12T23:26:27","guid":{"rendered":"https:\/\/apnolab.com\/?page_id=1047"},"modified":"2024-11-22T15:08:20","modified_gmt":"2024-11-22T15:08:20","slug":"actualites","status":"publish","type":"page","link":"https:\/\/apnolab.com\/en\/news\/","title":{"rendered":"Actualit\u00e9s Apnolab &#8211; Innovations et \u00e9v\u00e9nements sant\u00e9"},"content":{"rendered":"","protected":false},"excerpt":{"rendered":"","protected":false},"author":1,"featured_media":0,"parent":0,"menu_order":0,"comment_status":"closed","ping_status":"closed","template":"","meta":{"_acf_changed":false,"inline_featured_image":false,"footnotes":""},"class_list":["post-1047","page","type-page","status-publish","hentry"],"acf":[],"_links":{"self":[{"href":"https:\/\/apnolab.com\/en\/wp-json\/wp\/v2\/pages\/1047","targetHints":{"allow":["GET"]}}],"collection":[{"href":"https:\/\/apnolab.com\/en\/wp-json\/wp\/v2\/pages"}],"about":[{"href":"https:\/\/apnolab.com\/en\/wp-json\/wp\/v2\/types\/page"}],"author":[{"embeddable":true,"href":"https:\/\/apnolab.com\/en\/wp-json\/wp\/v2\/users\/1"}],"replies":[{"embeddable":true,"href":"https:\/\/apnolab.com\/en\/wp-json\/wp\/v2\/comments?post=1047"}],"version-history":[{"count":7,"href":"https:\/\/apnolab.com\/en\/wp-json\/wp\/v2\/pages\/1047\/revisions"}],"predecessor-version":[{"id":1580,"href":"https:\/\/apnolab.com\/en\/wp-json\/wp\/v2\/pages\/1047\/revisions\/1580"}],"wp:attachment":[{"href":"https:\/\/apnolab.com\/en\/wp-json\/wp\/v2\/media?parent=1047"}],"curies":[{"name":"wp","href":"https:\/\/api.w.org\/{rel}","templated":true}]}}