{"id":3,"date":"2024-11-12T21:42:15","date_gmt":"2024-11-12T21:42:15","guid":{"rendered":"https:\/\/apnolab.com\/?page_id=3"},"modified":"2024-11-16T15:27:28","modified_gmt":"2024-11-16T15:27:28","slug":"politique-de-confidentialite","status":"publish","type":"page","link":"https:\/\/apnolab.com\/en\/politique-de-confidentialite\/","title":{"rendered":"Privacy policy"},"content":{"rendered":"<p>La pr\u00e9sente politique de confidentialit\u00e9 a pour objectif de vous informer sur les engagements et mesures pratiques pris par notre soci\u00e9t\u00e9 FCEA INNOVATION, soci\u00e9t\u00e9 par actions simplifi\u00e9e au capital de 100.000 euros, immatricul\u00e9e au Registre du Commerce et des Soci\u00e9t\u00e9s de Blois sous le num\u00e9ro 882&nbsp;851 611, dont le si\u00e8ge social est situ\u00e9 1 avenue du Champ de Mars \u2013 45074 Orl\u00e9ans&nbsp; (ci-apr\u00e8s d\u00e9sign\u00e9e \u00ab&nbsp;notre Soci\u00e9t\u00e9&nbsp;\u00bb), afin de veiller au respect des donn\u00e9es \u00e0 caract\u00e8re personnel qu\u2019elle peut \u00eatre amen\u00e9e \u00e0 collecter vous concernant pour ses propres besoins lors de l\u2019utilisation par vos soins de l\u2019Application APNOLAB (ci-apr\u00e8s d\u00e9sign\u00e9e l\u2019\u00ab&nbsp;Application \u00bb).&nbsp;<\/p>\n\n\n\n<p>Consciente de l\u2019importance d\u2019assurer la confidentialit\u00e9 des donn\u00e9es personnelles qu\u2019elle peut \u00eatre amen\u00e9e \u00e0 collecter vous concernant au moyen de l\u2019Application, notre Soci\u00e9t\u00e9 s\u2019engage \u00e0 prot\u00e9ger ces donn\u00e9es conform\u00e9ment aux r\u00e9glementations en vigueur sur la protection des donn\u00e9es \u00e0 caract\u00e8re personnel, applicables en Europe et en France.&nbsp;<\/p>\n\n\n\n<h2 class=\"wp-block-heading\">1. Finalit\u00e9s de la collecte&nbsp;<\/h2>\n\n\n\n<p>Les traitements de donn\u00e9es personnelles mis en \u0153uvre par notre Soci\u00e9t\u00e9 r\u00e9pondent aux finalit\u00e9s explicites, l\u00e9gitimes et d\u00e9termin\u00e9es suivantes :<\/p>\n\n\n\n<ul class=\"wp-block-list\">\n<li>permettre votre acc\u00e8s \u00e0 l\u2019Application\u00a0;<\/li>\n\n\n\n<li>assurer votre utilisation de l\u2019Application.<\/li>\n<\/ul>\n\n\n\n<p>Dans ce but, des donn\u00e9es \u00e0 caract\u00e8re personnel sont utilis\u00e9es par notre Soci\u00e9t\u00e9 pour :<\/p>\n\n\n\n<ul class=\"wp-block-list\">\n<li>cr\u00e9er et g\u00e9rer votre acc\u00e8s et votre utilisation de l\u2019Application\u00a0;<\/li>\n\n\n\n<li>traiter, g\u00e9rer et ex\u00e9cuter les actions que vous effectuez sur l\u2019Application conform\u00e9ment aux fonctionnalit\u00e9s de cette derni\u00e8re\u00a0;<\/li>\n\n\n\n<li>assurer le respect des obligations l\u00e9gales qui sont les siennes\u00a0;<\/li>\n\n\n\n<li>g\u00e9rer et traiter les \u00e9ventuelles difficult\u00e9s et litiges qui pourraient appara\u00eetre dans le cadre de l\u2019utilisation de l\u2019Application.<\/li>\n<\/ul>\n\n\n\n<h2 class=\"wp-block-heading\">2. Donn\u00e9es collect\u00e9es<\/h2>\n\n\n\n<p>Les donn\u00e9es personnelles qui peuvent ainsi \u00eatre trait\u00e9es par notre Soci\u00e9t\u00e9 vous concernant sont les suivantes&nbsp;:<\/p>\n\n\n\n<ul class=\"wp-block-list\">\n<li>vos noms et pr\u00e9nom(s)<\/li>\n\n\n\n<li>vos coordonn\u00e9es (adresse postale ou num\u00e9ro de t\u00e9l\u00e9phone)<\/li>\n\n\n\n<li>votre adresse e-mail<\/li>\n\n\n\n<li>votre date de naissance<\/li>\n\n\n\n<li>votre genre<\/li>\n\n\n\n<li>l\u2019historique des actions que vous r\u00e9alisez sur l\u2019Application ;<\/li>\n\n\n\n<li>les messages et autres demandes que vous adressez \u00e0 notre Soci\u00e9t\u00e9 dans le cadre de votre utilisation de l\u2019Application.<\/li>\n\n\n\n<li>pour les utilisateurs particuliers, les donn\u00e9es de sant\u00e9 vous concernant, qui sont renseign\u00e9es ou t\u00e9l\u00e9charg\u00e9es par vous ou tout autre utilisateur professionnel, membre de l\u2019\u00e9quipe m\u00e9dicale que vous avez d\u00e9sign\u00e9 comme pouvant agir de la sorte sur l\u2019Application, ou les mat\u00e9riels dont vous \u00eates \u00e9quip\u00e9.\u00a0<\/li>\n<\/ul>\n\n\n\n<p>Il est pr\u00e9cis\u00e9 que dans tous les cas, notre Soci\u00e9t\u00e9 veille \u00e0 ne collecter et ne traiter que des donn\u00e9es strictement n\u00e9cessaires \u00e0 la finalit\u00e9 du traitement qui est mis en \u0153uvre.<\/p>\n\n\n\n<h2 class=\"wp-block-heading\">3. Destinataires des donn\u00e9es&nbsp;<\/h2>\n\n\n\n<p>Vos donn\u00e9es \u00e0 caract\u00e8re personnel ne sont utilis\u00e9es que par des personnes identifi\u00e9es et habilit\u00e9es par notre Soci\u00e9t\u00e9.<\/p>\n\n\n\n<p>A ce titre, \u00e0 titre de principal, a acc\u00e8s \u00e0 vos donn\u00e9es, tout utilisateur professionnel membres de l\u2019\u00e9quipe m\u00e9dicale que vous avez d\u00e9sign\u00e9 comme pouvant acc\u00e9der \u00e0 vos donn\u00e9es ou renseigner vos donn\u00e9es au sein de l\u2019Application.&nbsp;<\/p>\n\n\n\n<p>Da mani\u00e8re accessoire et exceptionnelle, peuvent \u00e9galement avoir \u00e0 vos donn\u00e9es&nbsp;:<\/p>\n\n\n\n<ul class=\"wp-block-list\">\n<li>les salari\u00e9s de notre soci\u00e9t\u00e9\u00a0;<\/li>\n\n\n\n<li>ses sous-traitants auxquels elle peut recourir pour l\u2019h\u00e9bergement, le fonctionnement, et la gestion technique de l\u2019Application\u00a0;<\/li>\n\n\n\n<li>toute autorit\u00e9 administrative qui ferait une demande de communication de donn\u00e9es vous concernant et auquel notre Soci\u00e9t\u00e9 serait tenue de r\u00e9pondre au titre d\u2019une obligation l\u00e9gale.<\/li>\n<\/ul>\n\n\n\n<h2 class=\"wp-block-heading\">4. Conservation des donn\u00e9es&nbsp;<\/h2>\n\n\n\n<p>Notre Soci\u00e9t\u00e9 s\u2019engage \u00e0 conserver les donn\u00e9es personnelles qu\u2019elle pourra ainsi collecter vous concernant pendant une dur\u00e9e n\u2019exc\u00e9dant pas celle n\u00e9cessaire \u00e0 la r\u00e9alisation des finalit\u00e9s pour lesquelles elles ont \u00e9t\u00e9 collect\u00e9es ou trait\u00e9es, et des obligations l\u00e9gales qui s\u2019imposent \u00e0 elle.<\/p>\n\n\n\n<p>A l\u2019issue de cette p\u00e9riode, les donn\u00e9es qui vous concerneront et pour lesquelles elle ne justifierait pas d\u2019un int\u00e9r\u00eat l\u00e9gitime, notamment la n\u00e9cessit\u00e9 d\u2019assurer la d\u00e9fense de ses droits dans le cadre d\u2019un litige, notre Soci\u00e9t\u00e9 initiera les mesures n\u00e9cessaires pour anonymiser de mani\u00e8re irr\u00e9versible les donn\u00e9es concern\u00e9es ou bien les supprimer.&nbsp;<\/p>\n\n\n\n<p>Par ailleurs, tout utilisateur professionnel membres de l\u2019\u00e9quipe m\u00e9dicale que vous avez d\u00e9sign\u00e9 comme pouvant acc\u00e9der \u00e0 vos donn\u00e9es ou renseigner vos donn\u00e9es au sein de l\u2019Application, conservera ces derni\u00e8res pour toute la dur\u00e9e n\u00e9cessaire aux finalit\u00e9s pour lesquelles elles ont \u00e9t\u00e9 collect\u00e9es ou trait\u00e9es par ses soins, et au respect des obligations l\u00e9gales qui s\u2019impose \u00e0 lui. L\u2019utilisateur professionnel peut ainsi \u00eatre amen\u00e9 \u00e0 conserver vos donn\u00e9es apr\u00e8s la cessation de toute utilisation de l\u2019Application par vos soins.<\/p>\n\n\n\n<h2 class=\"wp-block-heading\">5. S\u00e9curit\u00e9<\/h2>\n\n\n\n<p>Notre soci\u00e9t\u00e9 assure la s\u00e9curit\u00e9 et la confidentialit\u00e9 de vos donn\u00e9es \u00e0 caract\u00e8re personnel en mettant en place une protection des donn\u00e9es renforc\u00e9e par l\u2019utilisation de moyens de s\u00e9curisation physiques et logiques.<\/p>\n\n\n\n<p>A ce titre, un ensemble de proc\u00e9d\u00e9s techniques sont utilis\u00e9s sur l\u2019Application afin de s\u00e9curiser son acc\u00e8s ainsi que les informations qui peuvent y \u00eatre \u00e9chang\u00e9es ou communiqu\u00e9es par vos soins, notamment lors d\u2019une connexion au compte Utilisateur dont vous pouvez \u00eatre le titulaire (ex&nbsp;: mise en place d\u2019identifiants et de mot de passe de connexion, mise en place de protocoles de s\u00e9curit\u00e9 sur l\u2019Application).<\/p>\n\n\n\n<p>Par ailleurs, dans le cadre de l\u2019h\u00e9bergement des donn\u00e9es, notre Soci\u00e9t\u00e9 a recours un prestataire dispose de la certification \u00ab&nbsp;H\u00e9bergeur de donn\u00e9es de sant\u00e9&nbsp;\u00bb.<\/p>\n\n\n\n<h2 class=\"wp-block-heading\">6. Le transfert de donn\u00e9es hors Union Europ\u00e9enne<\/h2>\n\n\n\n<p>Aucun transfert de ces donn\u00e9es personnelles ne sera effectu\u00e9 hors Union europ\u00e9enne.&nbsp;&nbsp;<\/p>\n\n\n\n<h2 class=\"wp-block-heading\">7. Vos droits&nbsp;<\/h2>\n\n\n\n<p>En application de la r\u00e9glementation applicable, vous disposez d\u2019un droit d\u2019acc\u00e8s, de rectification, de suppression, d\u2019opposition et d\u2019un droit \u00e0 la portabilit\u00e9 relatif \u00e0 l\u2019ensemble des donn\u00e9es vous concernant qui sont trait\u00e9es sur l\u2019Application.&nbsp;<\/p>\n\n\n\n<p>De m\u00eame, vous disposez d\u2019un droit \u00e0 la limitation des traitements utilisant vos donn\u00e9es personnelles.&nbsp;<\/p>\n\n\n\n<p>Toute personne a \u00e9galement le droit de ne pas faire l\u2019objet d\u2019une prise de d\u00e9cision individuelle exclusivement fond\u00e9e sur un traitement automatis\u00e9 tel que le profilage. Elle peut \u00e9galement d\u00e9finir des directives relatives au sort de ses donn\u00e9es personnelles apr\u00e8s son d\u00e9c\u00e8s.<\/p>\n\n\n\n<p>Si vous avez consenti au traitement de donn\u00e9es personnelles, vous pouvez retirer votre consentement \u00e0 tout moment.<\/p>\n\n\n\n<p>Ces droits peuvent \u00eatre exerc\u00e9s en adressant un e-mail \u00e0 support@apnolab.com ou par courrier \u00e0 l\u2019attention de FCEA Innovation \u00e0 l\u2019adresse suivante: 1 avenue du Champ de Mars \u2013 45074 Orl\u00e9ans.<\/p>\n\n\n\n<p>En outre, vous disposez du droit d\u2019introduire une r\u00e9clamation concernant le traitement de vos donn\u00e9es personnelles par notre Soci\u00e9t\u00e9 aupr\u00e8s de la CNIL \u2013 3 place de Fontenoy \u2013 TSA 80715 \u2013 75334 Paris Cedex 07 \u2013 T\u00e9l\u00e9phone : 01 53 73 22 22 \u2013 Site Internet :&nbsp;<a href=\"http:\/\/www.cnil.fr\/\" target=\"_blank\" rel=\"noreferrer noopener\">www.cnil.fr<\/a>.<\/p>\n\n\n\n<h2 class=\"wp-block-heading\">8. Contact<\/h2>\n\n\n\n<p>Pour toutes demandes d\u2019information concernant la politique de protection des donn\u00e9es \u00e0 caract\u00e8re personnel mise en \u0153uvre par notre Soci\u00e9t\u00e9, vous pouvez vous adresser \u00e0 FCEA Innovation par e-mail&nbsp;: support@apnolab.com.<\/p>\n\n\n\n<h2 class=\"wp-block-heading\">9. Mise \u00e0 jour de la politique de protection des donn\u00e9es&nbsp;<\/h2>\n\n\n\n<p>La politique de confidentialit\u00e9 est susceptible d\u2019\u00eatre modifi\u00e9e ou am\u00e9nag\u00e9e \u00e0 tout moment.&nbsp;<\/p>\n\n\n\n<p>En cas de modification, la nouvelle politique de confidentialit\u00e9 applicable sera celle disponible sur l\u2019Application.<\/p>","protected":false},"excerpt":{"rendered":"<p>La pr\u00e9sente politique de confidentialit\u00e9 a pour objectif de vous informer sur les engagements et mesures pratiques pris par notre soci\u00e9t\u00e9 FCEA INNOVATION, soci\u00e9t\u00e9 par actions simplifi\u00e9e au capital de 100.000 euros, immatricul\u00e9e au Registre du Commerce et des Soci\u00e9t\u00e9s de Blois sous le num\u00e9ro 882&nbsp;851 611, dont le si\u00e8ge social est situ\u00e9 1 avenue [&hellip;]<\/p>","protected":false},"author":1,"featured_media":0,"parent":0,"menu_order":0,"comment_status":"closed","ping_status":"open","template":"","meta":{"_acf_changed":false,"inline_featured_image":false,"footnotes":""},"class_list":["post-3","page","type-page","status-publish","hentry"],"acf":[],"_links":{"self":[{"href":"https:\/\/apnolab.com\/en\/wp-json\/wp\/v2\/pages\/3","targetHints":{"allow":["GET"]}}],"collection":[{"href":"https:\/\/apnolab.com\/en\/wp-json\/wp\/v2\/pages"}],"about":[{"href":"https:\/\/apnolab.com\/en\/wp-json\/wp\/v2\/types\/page"}],"author":[{"embeddable":true,"href":"https:\/\/apnolab.com\/en\/wp-json\/wp\/v2\/users\/1"}],"replies":[{"embeddable":true,"href":"https:\/\/apnolab.com\/en\/wp-json\/wp\/v2\/comments?post=3"}],"version-history":[{"count":6,"href":"https:\/\/apnolab.com\/en\/wp-json\/wp\/v2\/pages\/3\/revisions"}],"predecessor-version":[{"id":1429,"href":"https:\/\/apnolab.com\/en\/wp-json\/wp\/v2\/pages\/3\/revisions\/1429"}],"wp:attachment":[{"href":"https:\/\/apnolab.com\/en\/wp-json\/wp\/v2\/media?parent=3"}],"curies":[{"name":"wp","href":"https:\/\/api.w.org\/{rel}","templated":true}]}}