{"id":804,"date":"2024-11-06T20:02:07","date_gmt":"2024-11-06T19:02:07","guid":{"rendered":"http:\/\/localhost\/apnolab\/?page_id=804"},"modified":"2025-05-19T14:31:32","modified_gmt":"2025-05-19T14:31:32","slug":"contact","status":"publish","type":"page","link":"https:\/\/apnolab.com\/en\/contact\/","title":{"rendered":"Contactez-nous &#8211; \u00c9changez avec notre \u00e9quipe d\u00e9di\u00e9e"},"content":{"rendered":"","protected":false},"excerpt":{"rendered":"","protected":false},"author":1,"featured_media":0,"parent":0,"menu_order":0,"comment_status":"closed","ping_status":"closed","template":"","meta":{"_acf_changed":false,"inline_featured_image":false,"footnotes":""},"class_list":["post-804","page","type-page","status-publish","hentry"],"acf":[],"_links":{"self":[{"href":"https:\/\/apnolab.com\/en\/wp-json\/wp\/v2\/pages\/804","targetHints":{"allow":["GET"]}}],"collection":[{"href":"https:\/\/apnolab.com\/en\/wp-json\/wp\/v2\/pages"}],"about":[{"href":"https:\/\/apnolab.com\/en\/wp-json\/wp\/v2\/types\/page"}],"author":[{"embeddable":true,"href":"https:\/\/apnolab.com\/en\/wp-json\/wp\/v2\/users\/1"}],"replies":[{"embeddable":true,"href":"https:\/\/apnolab.com\/en\/wp-json\/wp\/v2\/comments?post=804"}],"version-history":[{"count":30,"href":"https:\/\/apnolab.com\/en\/wp-json\/wp\/v2\/pages\/804\/revisions"}],"predecessor-version":[{"id":2186,"href":"https:\/\/apnolab.com\/en\/wp-json\/wp\/v2\/pages\/804\/revisions\/2186"}],"wp:attachment":[{"href":"https:\/\/apnolab.com\/en\/wp-json\/wp\/v2\/media?parent=804"}],"curies":[{"name":"wp","href":"https:\/\/api.w.org\/{rel}","templated":true}]}}